{"id":9497,"date":"2024-08-02T16:43:14","date_gmt":"2024-08-02T21:43:14","guid":{"rendered":"https:\/\/sinia.minam.gob.pe\/portal\/?page_id=9497"},"modified":"2025-10-29T09:59:07","modified_gmt":"2025-10-29T14:59:07","slug":"puntos-de-acopio-raee","status":"publish","type":"page","link":"https:\/\/sinia.minam.gob.pe\/portal\/puntos-de-acopio-raee\/","title":{"rendered":"Puntos de Acopio RAEE"},"content":{"rendered":"\t\t<div data-elementor-type=\"wp-page\" data-elementor-id=\"9497\" class=\"elementor elementor-9497\" data-elementor-settings=\"[]\">\n\t\t\t\t\t\t\t<div class=\"elementor-section-wrap\">\n\t\t\t\t\t\t\t<section class=\"elementor-section elementor-top-section elementor-element elementor-element-84e69e3 elementor-section-boxed elementor-section-height-default elementor-section-height-default\" data-id=\"84e69e3\" data-element_type=\"section\">\n\t\t\t\t\t\t\t<div class=\"elementor-background-overlay\"><\/div>\n\t\t\t\t\t\t\t<div class=\"elementor-container elementor-column-gap-no\">\n\t\t\t\t\t<div class=\"elementor-column elementor-col-100 elementor-top-column elementor-element elementor-element-4a4c000\" data-id=\"4a4c000\" data-element_type=\"column\">\n\t\t\t<div class=\"elementor-widget-wrap elementor-element-populated\">\n\t\t\t\t\t\t\t\t<div class=\"elementor-element elementor-element-3fb43fe elementor-widget-divider--view-line elementor-widget elementor-widget-divider\" data-id=\"3fb43fe\" data-element_type=\"widget\" data-widget_type=\"divider.default\">\n\t\t\t\t<div class=\"elementor-widget-container\">\n\t\t\t\t\t<div class=\"elementor-divider\">\n\t\t\t<span class=\"elementor-divider-separator\">\n\t\t\t\t\t\t<\/span>\n\t\t<\/div>\n\t\t\t\t<\/div>\n\t\t\t\t<\/div>\n\t\t\t\t\t<\/div>\n\t\t<\/div>\n\t\t\t\t\t\t\t<\/div>\n\t\t<\/section>\n\t\t\t\t<section class=\"elementor-section elementor-top-section elementor-element elementor-element-816d24c elementor-section-boxed elementor-section-height-default elementor-section-height-default\" data-id=\"816d24c\" data-element_type=\"section\" data-settings=\"{&quot;background_background&quot;:&quot;classic&quot;}\">\n\t\t\t\t\t\t\t<div class=\"elementor-background-overlay\"><\/div>\n\t\t\t\t\t\t\t<div class=\"elementor-container elementor-column-gap-default\">\n\t\t\t\t\t<div class=\"elementor-column elementor-col-33 elementor-top-column elementor-element elementor-element-29711fa elementor-hidden-mobile\" data-id=\"29711fa\" data-element_type=\"column\">\n\t\t\t<div class=\"elementor-widget-wrap elementor-element-populated\">\n\t\t\t\t\t\t\t\t<div class=\"elementor-element elementor-element-4d24c5c elementor-widget elementor-widget-image\" data-id=\"4d24c5c\" data-element_type=\"widget\" data-widget_type=\"image.default\">\n\t\t\t\t<div class=\"elementor-widget-container\">\n\t\t\t\t\t\t\t\t\t\t\t\t\t\t\t\t<a href=\"https:\/\/www.gob.pe\/minam\" target=\"_blank\">\n\t\t\t\t\t\t\t<img width=\"694\" height=\"149\" src=\"https:\/\/sinia.minam.gob.pe\/portal\/wp-content\/uploads\/2022\/02\/MINAM.png\" class=\"attachment-large size-large\" alt=\"\" loading=\"lazy\" srcset=\"https:\/\/sinia.minam.gob.pe\/portal\/wp-content\/uploads\/2022\/02\/MINAM.png 694w, https:\/\/sinia.minam.gob.pe\/portal\/wp-content\/uploads\/2022\/02\/MINAM-300x64.png 300w\" sizes=\"(max-width: 694px) 100vw, 694px\" \/>\t\t\t\t\t\t\t\t<\/a>\n\t\t\t\t\t\t\t\t\t\t\t\t\t\t\t<\/div>\n\t\t\t\t<\/div>\n\t\t\t\t\t<\/div>\n\t\t<\/div>\n\t\t\t\t<div class=\"elementor-column elementor-col-33 elementor-top-column elementor-element elementor-element-1faa30f\" data-id=\"1faa30f\" data-element_type=\"column\">\n\t\t\t<div class=\"elementor-widget-wrap elementor-element-populated\">\n\t\t\t\t\t\t\t\t<div class=\"elementor-element elementor-element-c179f72 elementor-widget elementor-widget-image\" data-id=\"c179f72\" data-element_type=\"widget\" data-widget_type=\"image.default\">\n\t\t\t\t<div class=\"elementor-widget-container\">\n\t\t\t\t\t\t\t\t\t\t\t\t\t\t\t\t<a href=\"https:\/\/sinia.minam.gob.pe\/\">\n\t\t\t\t\t\t\t<img width=\"188\" height=\"78\" src=\"https:\/\/sinia.minam.gob.pe\/portal\/wp-content\/uploads\/2023\/04\/cropped-cropped-sinia-ch.png\" class=\"attachment-large size-large\" alt=\"sinia logo portales\" loading=\"lazy\" \/>\t\t\t\t\t\t\t\t<\/a>\n\t\t\t\t\t\t\t\t\t\t\t\t\t\t\t<\/div>\n\t\t\t\t<\/div>\n\t\t\t\t\t<\/div>\n\t\t<\/div>\n\t\t\t\t<div class=\"elementor-column elementor-col-33 elementor-top-column elementor-element elementor-element-20aac7f elementor-hidden-mobile\" data-id=\"20aac7f\" data-element_type=\"column\">\n\t\t\t<div class=\"elementor-widget-wrap elementor-element-populated\">\n\t\t\t\t\t\t\t\t<div class=\"elementor-element elementor-element-c655524 elementor-hidden-mobile elementor-align-center elementor-icon-list--layout-traditional elementor-list-item-link-full_width elementor-widget elementor-widget-icon-list\" data-id=\"c655524\" data-element_type=\"widget\" data-widget_type=\"icon-list.default\">\n\t\t\t\t<div class=\"elementor-widget-container\">\n\t\t\t\t\t<ul class=\"elementor-icon-list-items\">\n\t\t\t\t\t\t\t<li class=\"elementor-icon-list-item\">\n\t\t\t\t\t\t\t\t\t\t\t<a href=\"https:\/\/sinia.minam.gob.pe\/portal\/\">\n\n\t\t\t\t\t\t\t\t\t\t\t\t<span class=\"elementor-icon-list-icon\">\n\t\t\t\t\t\t\t<i aria-hidden=\"true\" class=\"fas fa-th\"><\/i>\t\t\t\t\t\t<\/span>\n\t\t\t\t\t\t\t\t\t\t<span class=\"elementor-icon-list-text\">Ver m\u00e1s portales tem\u00e1ticos<\/span>\n\t\t\t\t\t\t\t\t\t\t\t<\/a>\n\t\t\t\t\t\t\t\t\t<\/li>\n\t\t\t\t\t\t<\/ul>\n\t\t\t\t<\/div>\n\t\t\t\t<\/div>\n\t\t\t\t\t<\/div>\n\t\t<\/div>\n\t\t\t\t\t\t\t<\/div>\n\t\t<\/section>\n\t\t\t\t<section class=\"elementor-section elementor-top-section elementor-element elementor-element-101afc5 elementor-section-boxed elementor-section-height-default elementor-section-height-default\" data-id=\"101afc5\" data-element_type=\"section\" data-settings=\"{&quot;background_background&quot;:&quot;classic&quot;}\">\n\t\t\t\t\t\t<div class=\"elementor-container elementor-column-gap-default\">\n\t\t\t\t\t<div class=\"elementor-column elementor-col-100 elementor-top-column elementor-element elementor-element-ab2a4e9\" data-id=\"ab2a4e9\" data-element_type=\"column\">\n\t\t\t<div class=\"elementor-widget-wrap elementor-element-populated\">\n\t\t\t\t\t\t\t\t<div class=\"elementor-element elementor-element-558c8dc elementor-widget elementor-widget-heading\" data-id=\"558c8dc\" data-element_type=\"widget\" data-widget_type=\"heading.default\">\n\t\t\t\t<div class=\"elementor-widget-container\">\n\t\t\t<h2 class=\"elementor-heading-title elementor-size-default\">PUNTOS DE ACOPIO RAEE<\/h2>\t\t<\/div>\n\t\t\t\t<\/div>\n\t\t\t\t\t<\/div>\n\t\t<\/div>\n\t\t\t\t\t\t\t<\/div>\n\t\t<\/section>\n\t\t\t\t<section class=\"elementor-section elementor-top-section elementor-element elementor-element-f1601d1 elementor-section-full_width elementor-hidden-desktop elementor-hidden-tablet elementor-hidden-mobile elementor-section-height-default elementor-section-height-default\" data-id=\"f1601d1\" data-element_type=\"section\">\n\t\t\t\t\t\t<div class=\"elementor-container elementor-column-gap-no\">\n\t\t\t\t\t<div class=\"elementor-column elementor-col-100 elementor-top-column elementor-element elementor-element-db659c7\" data-id=\"db659c7\" data-element_type=\"column\">\n\t\t\t<div class=\"elementor-widget-wrap elementor-element-populated\">\n\t\t\t\t\t\t\t\t<div class=\"elementor-element elementor-element-de889e9 elementor-widget elementor-widget-html\" data-id=\"de889e9\" data-element_type=\"widget\" data-widget_type=\"html.default\">\n\t\t\t\t<div class=\"elementor-widget-container\">\n\t\t\t \r\n\r\n<!-- <div class=\"mapa-responsive\">\r\n  <iframe src=\"https:\/\/www.google.com\/maps\/d\/u\/2\/embed?mid=1_sOZy77iW86unuPK9Ml-A6ddUvdgtG_m&ehbc=2E312F\"><\/iframe>\r\n \r\n<\/div>-->\r\n\r\n<div class=\"mapa-responsive\">\r\n    <iframe\r\n        src=\"https:\/\/www.google.com\/maps\/d\/embed?mid=1bx_OPQZoSo-0gky3CSeCShC1_T8kXMg&ehbc=2E312F\"\r\n        frameborder=\"0\"\r\n        allowfullscreen\r\n    ><\/iframe>\r\n<\/div>\r\n    \t\t<\/div>\n\t\t\t\t<\/div>\n\t\t\t\t\t<\/div>\n\t\t<\/div>\n\t\t\t\t\t\t\t<\/div>\n\t\t<\/section>\n\t\t\t\t<section class=\"elementor-section elementor-top-section elementor-element elementor-element-3bcf28e elementor-section-boxed elementor-section-height-default elementor-section-height-default\" data-id=\"3bcf28e\" data-element_type=\"section\">\n\t\t\t\t\t\t<div class=\"elementor-container elementor-column-gap-default\">\n\t\t\t\t\t<div class=\"elementor-column elementor-col-100 elementor-top-column elementor-element elementor-element-9f1ba7b\" data-id=\"9f1ba7b\" data-element_type=\"column\">\n\t\t\t<div class=\"elementor-widget-wrap\">\n\t\t\t\t\t\t\t\t\t<\/div>\n\t\t<\/div>\n\t\t\t\t\t\t\t<\/div>\n\t\t<\/section>\n\t\t\t\t<section class=\"elementor-section elementor-top-section elementor-element elementor-element-7239218 elementor-section-boxed elementor-section-height-default elementor-section-height-default\" data-id=\"7239218\" data-element_type=\"section\">\n\t\t\t\t\t\t<div class=\"elementor-container elementor-column-gap-default\">\n\t\t\t\t\t<div class=\"elementor-column elementor-col-100 elementor-top-column elementor-element elementor-element-5c5f726\" data-id=\"5c5f726\" data-element_type=\"column\">\n\t\t\t<div class=\"elementor-widget-wrap elementor-element-populated\">\n\t\t\t\t\t\t\t\t<div class=\"elementor-element elementor-element-4c4d4ff elementor-hidden-desktop elementor-hidden-tablet elementor-hidden-mobile elementor-widget elementor-widget-heading\" data-id=\"4c4d4ff\" data-element_type=\"widget\" data-widget_type=\"heading.default\">\n\t\t\t\t<div class=\"elementor-widget-container\">\n\t\t\t<h2 class=\"elementor-heading-title elementor-size-default\">A\u00f1ade aqu\u00ed tu texto de cabecera<\/h2>\t\t<\/div>\n\t\t\t\t<\/div>\n\t\t\t\t<div class=\"elementor-element elementor-element-586a000 elementor-widget elementor-widget-html\" data-id=\"586a000\" data-element_type=\"widget\" id=\"looker-studio-container\" data-widget_type=\"html.default\">\n\t\t\t\t<div class=\"elementor-widget-container\">\n\t\t\t<iframe src=\"https:\/\/www.google.com\/maps\/d\/embed?mid=1bx_OPQZoSo-0gky3CSeCShC1_T8kXMg&ehbc=2E312F\"  ><\/iframe>\t\t<\/div>\n\t\t\t\t<\/div>\n\t\t\t\t\t<\/div>\n\t\t<\/div>\n\t\t\t\t\t\t\t<\/div>\n\t\t<\/section>\n\t\t\t\t\t\t<\/div>\n\t\t\t\t\t<\/div>\n\t\t","protected":false},"excerpt":{"rendered":"<p>Ver m\u00e1s portales tem\u00e1ticos PUNTOS DE ACOPIO RAEE A\u00f1ade aqu\u00ed tu texto de cabecera<\/p>\n","protected":false},"author":3,"featured_media":0,"parent":0,"menu_order":0,"comment_status":"closed","ping_status":"closed","template":"","meta":[],"tematicasiniat":[],"yoast_head":"<!-- This site is optimized with the Yoast SEO plugin v18.3 - https:\/\/yoast.com\/wordpress\/plugins\/seo\/ -->\n<title>Puntos de Acopio RAEE | Portal SINIA<\/title>\n<meta name=\"robots\" content=\"index, follow, max-snippet:-1, max-image-preview:large, max-video-preview:-1\" \/>\n<link rel=\"canonical\" href=\"https:\/\/sinia.minam.gob.pe\/portal\/puntos-de-acopio-raee\/\" \/>\n<meta property=\"og:locale\" content=\"es_ES\" \/>\n<meta property=\"og:type\" content=\"article\" \/>\n<meta property=\"og:title\" content=\"Puntos de Acopio RAEE | Portal SINIA\" \/>\n<meta property=\"og:description\" content=\"Ver m\u00e1s portales tem\u00e1ticos PUNTOS DE ACOPIO RAEE A\u00f1ade aqu\u00ed tu texto de cabecera\" \/>\n<meta property=\"og:url\" content=\"https:\/\/sinia.minam.gob.pe\/portal\/puntos-de-acopio-raee\/\" \/>\n<meta property=\"og:site_name\" content=\"Portal SINIA\" \/>\n<meta property=\"article:modified_time\" content=\"2025-10-29T14:59:07+00:00\" \/>\n<meta property=\"og:image\" content=\"https:\/\/sinia.minam.gob.pe\/portal\/wp-content\/uploads\/2022\/02\/MINAM.png\" \/>\n<meta name=\"twitter:card\" content=\"summary_large_image\" \/>\n<meta name=\"twitter:label1\" content=\"Tiempo de lectura\" \/>\n\t<meta name=\"twitter:data1\" content=\"1 minuto\" \/>\n<script type=\"application\/ld+json\" class=\"yoast-schema-graph\">{\"@context\":\"https:\/\/schema.org\",\"@graph\":[{\"@type\":\"Organization\",\"@id\":\"https:\/\/sinia.minam.gob.pe\/portal\/#organization\",\"name\":\"Portal SINIA\",\"url\":\"https:\/\/sinia.minam.gob.pe\/portal\/\",\"sameAs\":[],\"logo\":{\"@type\":\"ImageObject\",\"@id\":\"https:\/\/sinia.minam.gob.pe\/portal\/#logo\",\"inLanguage\":\"es\",\"url\":\"https:\/\/sinia.minam.gob.pe\/portal\/wp-content\/uploads\/2023\/04\/cropped-cropped-sinia-ch.png\",\"contentUrl\":\"https:\/\/sinia.minam.gob.pe\/portal\/wp-content\/uploads\/2023\/04\/cropped-cropped-sinia-ch.png\",\"width\":188,\"height\":78,\"caption\":\"Portal SINIA\"},\"image\":{\"@id\":\"https:\/\/sinia.minam.gob.pe\/portal\/#logo\"}},{\"@type\":\"WebSite\",\"@id\":\"https:\/\/sinia.minam.gob.pe\/portal\/#website\",\"url\":\"https:\/\/sinia.minam.gob.pe\/portal\/\",\"name\":\"Portal SINIA\",\"description\":\"Portales SINIA MINAM\",\"publisher\":{\"@id\":\"https:\/\/sinia.minam.gob.pe\/portal\/#organization\"},\"potentialAction\":[{\"@type\":\"SearchAction\",\"target\":{\"@type\":\"EntryPoint\",\"urlTemplate\":\"https:\/\/sinia.minam.gob.pe\/portal\/?s={search_term_string}\"},\"query-input\":\"required name=search_term_string\"}],\"inLanguage\":\"es\"},{\"@type\":\"ImageObject\",\"@id\":\"https:\/\/sinia.minam.gob.pe\/portal\/puntos-de-acopio-raee\/#primaryimage\",\"inLanguage\":\"es\",\"url\":\"https:\/\/sinia.minam.gob.pe\/portal\/wp-content\/uploads\/2022\/02\/MINAM.png\",\"contentUrl\":\"https:\/\/sinia.minam.gob.pe\/portal\/wp-content\/uploads\/2022\/02\/MINAM.png\",\"width\":694,\"height\":149},{\"@type\":\"WebPage\",\"@id\":\"https:\/\/sinia.minam.gob.pe\/portal\/puntos-de-acopio-raee\/#webpage\",\"url\":\"https:\/\/sinia.minam.gob.pe\/portal\/puntos-de-acopio-raee\/\",\"name\":\"Puntos de Acopio RAEE | Portal SINIA\",\"isPartOf\":{\"@id\":\"https:\/\/sinia.minam.gob.pe\/portal\/#website\"},\"primaryImageOfPage\":{\"@id\":\"https:\/\/sinia.minam.gob.pe\/portal\/puntos-de-acopio-raee\/#primaryimage\"},\"datePublished\":\"2024-08-02T21:43:14+00:00\",\"dateModified\":\"2025-10-29T14:59:07+00:00\",\"breadcrumb\":{\"@id\":\"https:\/\/sinia.minam.gob.pe\/portal\/puntos-de-acopio-raee\/#breadcrumb\"},\"inLanguage\":\"es\",\"potentialAction\":[{\"@type\":\"ReadAction\",\"target\":[\"https:\/\/sinia.minam.gob.pe\/portal\/puntos-de-acopio-raee\/\"]}]},{\"@type\":\"BreadcrumbList\",\"@id\":\"https:\/\/sinia.minam.gob.pe\/portal\/puntos-de-acopio-raee\/#breadcrumb\",\"itemListElement\":[{\"@type\":\"ListItem\",\"position\":1,\"name\":\"Inicio\",\"item\":\"https:\/\/sinia.minam.gob.pe\/portal\/\"},{\"@type\":\"ListItem\",\"position\":2,\"name\":\"Puntos de Acopio RAEE\"}]}]}<\/script>\n<!-- \/ Yoast SEO plugin. -->","yoast_head_json":{"title":"Puntos de Acopio RAEE | Portal SINIA","robots":{"index":"index","follow":"follow","max-snippet":"max-snippet:-1","max-image-preview":"max-image-preview:large","max-video-preview":"max-video-preview:-1"},"canonical":"https:\/\/sinia.minam.gob.pe\/portal\/puntos-de-acopio-raee\/","og_locale":"es_ES","og_type":"article","og_title":"Puntos de Acopio RAEE | Portal SINIA","og_description":"Ver m\u00e1s portales tem\u00e1ticos PUNTOS DE ACOPIO RAEE A\u00f1ade aqu\u00ed tu texto de cabecera","og_url":"https:\/\/sinia.minam.gob.pe\/portal\/puntos-de-acopio-raee\/","og_site_name":"Portal SINIA","article_modified_time":"2025-10-29T14:59:07+00:00","og_image":[{"url":"https:\/\/sinia.minam.gob.pe\/portal\/wp-content\/uploads\/2022\/02\/MINAM.png"}],"twitter_card":"summary_large_image","twitter_misc":{"Tiempo de lectura":"1 minuto"},"schema":{"@context":"https:\/\/schema.org","@graph":[{"@type":"Organization","@id":"https:\/\/sinia.minam.gob.pe\/portal\/#organization","name":"Portal SINIA","url":"https:\/\/sinia.minam.gob.pe\/portal\/","sameAs":[],"logo":{"@type":"ImageObject","@id":"https:\/\/sinia.minam.gob.pe\/portal\/#logo","inLanguage":"es","url":"https:\/\/sinia.minam.gob.pe\/portal\/wp-content\/uploads\/2023\/04\/cropped-cropped-sinia-ch.png","contentUrl":"https:\/\/sinia.minam.gob.pe\/portal\/wp-content\/uploads\/2023\/04\/cropped-cropped-sinia-ch.png","width":188,"height":78,"caption":"Portal SINIA"},"image":{"@id":"https:\/\/sinia.minam.gob.pe\/portal\/#logo"}},{"@type":"WebSite","@id":"https:\/\/sinia.minam.gob.pe\/portal\/#website","url":"https:\/\/sinia.minam.gob.pe\/portal\/","name":"Portal SINIA","description":"Portales SINIA MINAM","publisher":{"@id":"https:\/\/sinia.minam.gob.pe\/portal\/#organization"},"potentialAction":[{"@type":"SearchAction","target":{"@type":"EntryPoint","urlTemplate":"https:\/\/sinia.minam.gob.pe\/portal\/?s={search_term_string}"},"query-input":"required name=search_term_string"}],"inLanguage":"es"},{"@type":"ImageObject","@id":"https:\/\/sinia.minam.gob.pe\/portal\/puntos-de-acopio-raee\/#primaryimage","inLanguage":"es","url":"https:\/\/sinia.minam.gob.pe\/portal\/wp-content\/uploads\/2022\/02\/MINAM.png","contentUrl":"https:\/\/sinia.minam.gob.pe\/portal\/wp-content\/uploads\/2022\/02\/MINAM.png","width":694,"height":149},{"@type":"WebPage","@id":"https:\/\/sinia.minam.gob.pe\/portal\/puntos-de-acopio-raee\/#webpage","url":"https:\/\/sinia.minam.gob.pe\/portal\/puntos-de-acopio-raee\/","name":"Puntos de Acopio RAEE | Portal SINIA","isPartOf":{"@id":"https:\/\/sinia.minam.gob.pe\/portal\/#website"},"primaryImageOfPage":{"@id":"https:\/\/sinia.minam.gob.pe\/portal\/puntos-de-acopio-raee\/#primaryimage"},"datePublished":"2024-08-02T21:43:14+00:00","dateModified":"2025-10-29T14:59:07+00:00","breadcrumb":{"@id":"https:\/\/sinia.minam.gob.pe\/portal\/puntos-de-acopio-raee\/#breadcrumb"},"inLanguage":"es","potentialAction":[{"@type":"ReadAction","target":["https:\/\/sinia.minam.gob.pe\/portal\/puntos-de-acopio-raee\/"]}]},{"@type":"BreadcrumbList","@id":"https:\/\/sinia.minam.gob.pe\/portal\/puntos-de-acopio-raee\/#breadcrumb","itemListElement":[{"@type":"ListItem","position":1,"name":"Inicio","item":"https:\/\/sinia.minam.gob.pe\/portal\/"},{"@type":"ListItem","position":2,"name":"Puntos de Acopio RAEE"}]}]}},"_links":{"self":[{"href":"https:\/\/sinia.minam.gob.pe\/portal\/wp-json\/wp\/v2\/pages\/9497"}],"collection":[{"href":"https:\/\/sinia.minam.gob.pe\/portal\/wp-json\/wp\/v2\/pages"}],"about":[{"href":"https:\/\/sinia.minam.gob.pe\/portal\/wp-json\/wp\/v2\/types\/page"}],"author":[{"embeddable":true,"href":"https:\/\/sinia.minam.gob.pe\/portal\/wp-json\/wp\/v2\/users\/3"}],"replies":[{"embeddable":true,"href":"https:\/\/sinia.minam.gob.pe\/portal\/wp-json\/wp\/v2\/comments?post=9497"}],"version-history":[{"count":34,"href":"https:\/\/sinia.minam.gob.pe\/portal\/wp-json\/wp\/v2\/pages\/9497\/revisions"}],"predecessor-version":[{"id":25047,"href":"https:\/\/sinia.minam.gob.pe\/portal\/wp-json\/wp\/v2\/pages\/9497\/revisions\/25047"}],"wp:attachment":[{"href":"https:\/\/sinia.minam.gob.pe\/portal\/wp-json\/wp\/v2\/media?parent=9497"}],"wp:term":[{"taxonomy":"tematicasiniat","embeddable":true,"href":"https:\/\/sinia.minam.gob.pe\/portal\/wp-json\/wp\/v2\/tematicasiniat?post=9497"}],"curies":[{"name":"wp","href":"https:\/\/api.w.org\/{rel}","templated":true}]}}