{"id":5525,"date":"2024-02-08T16:41:42","date_gmt":"2024-02-08T21:41:42","guid":{"rendered":"https:\/\/sinia.minam.gob.pe\/portal\/?page_id=5525"},"modified":"2024-12-02T11:58:20","modified_gmt":"2024-12-02T16:58:20","slug":"mapas-sinia","status":"publish","type":"page","link":"https:\/\/sinia.minam.gob.pe\/portal\/mapas-sinia\/","title":{"rendered":"Visor de mapas SINIA"},"content":{"rendered":"\t\t<div data-elementor-type=\"wp-page\" data-elementor-id=\"5525\" class=\"elementor elementor-5525\" data-elementor-settings=\"[]\">\n\t\t\t\t\t\t\t<div class=\"elementor-section-wrap\">\n\t\t\t\t\t\t\t<section class=\"elementor-section elementor-top-section elementor-element elementor-element-716725b elementor-section-full_width elementor-section-height-default elementor-section-height-default\" data-id=\"716725b\" data-element_type=\"section\">\n\t\t\t\t\t\t<div class=\"elementor-container elementor-column-gap-default\">\n\t\t\t\t\t<div class=\"elementor-column elementor-col-100 elementor-top-column elementor-element elementor-element-eb4e677\" data-id=\"eb4e677\" data-element_type=\"column\">\n\t\t\t<div class=\"elementor-widget-wrap elementor-element-populated\">\n\t\t\t\t\t\t\t\t<div class=\"elementor-element elementor-element-3165382 elementor-widget elementor-widget-text-editor\" data-id=\"3165382\" data-element_type=\"widget\" data-widget_type=\"text-editor.default\">\n\t\t\t\t<div class=\"elementor-widget-container\">\n\t\t\t\t\t\t\t<iframe loading=\"lazy\" style=\"border: 0;\" src=\"https:\/\/www.arcgis.com\/apps\/instant\/sidebar\/index.html?appid=dd69a081204d4d23a2dd73469719baa1\" width=\"400\" height=\"800\" frameborder=\"0\" allowfullscreen=\"allowfullscreen\">No se admiten iFrames en esta p\u00e1gina.<\/iframe>\t\t\t\t\t\t<\/div>\n\t\t\t\t<\/div>\n\t\t\t\t\t<\/div>\n\t\t<\/div>\n\t\t\t\t\t\t\t<\/div>\n\t\t<\/section>\n\t\t\t\t\t\t<\/div>\n\t\t\t\t\t<\/div>\n\t\t","protected":false},"excerpt":{"rendered":"<p>No se admiten iFrames en esta p\u00e1gina.<\/p>\n","protected":false},"author":1,"featured_media":0,"parent":0,"menu_order":0,"comment_status":"closed","ping_status":"closed","template":"","meta":[],"tematicasiniat":[],"yoast_head":"<!-- This site is optimized with the Yoast SEO plugin v18.3 - https:\/\/yoast.com\/wordpress\/plugins\/seo\/ -->\n<title>Visor de mapas SINIA | Portal SINIA<\/title>\n<meta name=\"description\" content=\"Visor de mapas del Sistema Nacional de Informaci\u00f3n Ambiental (SINIA), capas geogr\u00e1ficas sobre principales tem\u00e1ticas ambientales\" \/>\n<meta name=\"robots\" content=\"index, follow, max-snippet:-1, max-image-preview:large, max-video-preview:-1\" \/>\n<link rel=\"canonical\" href=\"https:\/\/sinia.minam.gob.pe\/portal\/mapas-sinia\/\" \/>\n<meta property=\"og:locale\" content=\"es_ES\" \/>\n<meta property=\"og:type\" content=\"article\" \/>\n<meta property=\"og:title\" content=\"Visor de mapas SINIA | Portal SINIA\" \/>\n<meta property=\"og:description\" content=\"Visor de mapas del Sistema Nacional de Informaci\u00f3n Ambiental (SINIA), capas geogr\u00e1ficas sobre principales tem\u00e1ticas ambientales\" \/>\n<meta property=\"og:url\" content=\"https:\/\/sinia.minam.gob.pe\/portal\/mapas-sinia\/\" \/>\n<meta property=\"og:site_name\" content=\"Portal SINIA\" \/>\n<meta property=\"article:modified_time\" content=\"2024-12-02T16:58:20+00:00\" \/>\n<meta name=\"twitter:card\" content=\"summary_large_image\" \/>\n<script type=\"application\/ld+json\" class=\"yoast-schema-graph\">{\"@context\":\"https:\/\/schema.org\",\"@graph\":[{\"@type\":\"Organization\",\"@id\":\"https:\/\/sinia.minam.gob.pe\/portal\/#organization\",\"name\":\"Portal SINIA\",\"url\":\"https:\/\/sinia.minam.gob.pe\/portal\/\",\"sameAs\":[],\"logo\":{\"@type\":\"ImageObject\",\"@id\":\"https:\/\/sinia.minam.gob.pe\/portal\/#logo\",\"inLanguage\":\"es\",\"url\":\"https:\/\/sinia.minam.gob.pe\/portal\/wp-content\/uploads\/2023\/04\/cropped-cropped-sinia-ch.png\",\"contentUrl\":\"https:\/\/sinia.minam.gob.pe\/portal\/wp-content\/uploads\/2023\/04\/cropped-cropped-sinia-ch.png\",\"width\":188,\"height\":78,\"caption\":\"Portal SINIA\"},\"image\":{\"@id\":\"https:\/\/sinia.minam.gob.pe\/portal\/#logo\"}},{\"@type\":\"WebSite\",\"@id\":\"https:\/\/sinia.minam.gob.pe\/portal\/#website\",\"url\":\"https:\/\/sinia.minam.gob.pe\/portal\/\",\"name\":\"Portal SINIA\",\"description\":\"Portales SINIA MINAM\",\"publisher\":{\"@id\":\"https:\/\/sinia.minam.gob.pe\/portal\/#organization\"},\"potentialAction\":[{\"@type\":\"SearchAction\",\"target\":{\"@type\":\"EntryPoint\",\"urlTemplate\":\"https:\/\/sinia.minam.gob.pe\/portal\/?s={search_term_string}\"},\"query-input\":\"required name=search_term_string\"}],\"inLanguage\":\"es\"},{\"@type\":\"WebPage\",\"@id\":\"https:\/\/sinia.minam.gob.pe\/portal\/mapas-sinia\/#webpage\",\"url\":\"https:\/\/sinia.minam.gob.pe\/portal\/mapas-sinia\/\",\"name\":\"Visor de mapas SINIA | Portal SINIA\",\"isPartOf\":{\"@id\":\"https:\/\/sinia.minam.gob.pe\/portal\/#website\"},\"datePublished\":\"2024-02-08T21:41:42+00:00\",\"dateModified\":\"2024-12-02T16:58:20+00:00\",\"description\":\"Visor de mapas del Sistema Nacional de Informaci\u00f3n Ambiental (SINIA), capas geogr\u00e1ficas sobre principales tem\u00e1ticas ambientales\",\"breadcrumb\":{\"@id\":\"https:\/\/sinia.minam.gob.pe\/portal\/mapas-sinia\/#breadcrumb\"},\"inLanguage\":\"es\",\"potentialAction\":[{\"@type\":\"ReadAction\",\"target\":[\"https:\/\/sinia.minam.gob.pe\/portal\/mapas-sinia\/\"]}]},{\"@type\":\"BreadcrumbList\",\"@id\":\"https:\/\/sinia.minam.gob.pe\/portal\/mapas-sinia\/#breadcrumb\",\"itemListElement\":[{\"@type\":\"ListItem\",\"position\":1,\"name\":\"Inicio\",\"item\":\"https:\/\/sinia.minam.gob.pe\/portal\/\"},{\"@type\":\"ListItem\",\"position\":2,\"name\":\"Visor de mapas SINIA\"}]}]}<\/script>\n<!-- \/ Yoast SEO plugin. -->","yoast_head_json":{"title":"Visor de mapas SINIA | Portal SINIA","description":"Visor de mapas del Sistema Nacional de Informaci\u00f3n Ambiental (SINIA), capas geogr\u00e1ficas sobre principales tem\u00e1ticas ambientales","robots":{"index":"index","follow":"follow","max-snippet":"max-snippet:-1","max-image-preview":"max-image-preview:large","max-video-preview":"max-video-preview:-1"},"canonical":"https:\/\/sinia.minam.gob.pe\/portal\/mapas-sinia\/","og_locale":"es_ES","og_type":"article","og_title":"Visor de mapas SINIA | Portal SINIA","og_description":"Visor de mapas del Sistema Nacional de Informaci\u00f3n Ambiental (SINIA), capas geogr\u00e1ficas sobre principales tem\u00e1ticas ambientales","og_url":"https:\/\/sinia.minam.gob.pe\/portal\/mapas-sinia\/","og_site_name":"Portal SINIA","article_modified_time":"2024-12-02T16:58:20+00:00","twitter_card":"summary_large_image","schema":{"@context":"https:\/\/schema.org","@graph":[{"@type":"Organization","@id":"https:\/\/sinia.minam.gob.pe\/portal\/#organization","name":"Portal SINIA","url":"https:\/\/sinia.minam.gob.pe\/portal\/","sameAs":[],"logo":{"@type":"ImageObject","@id":"https:\/\/sinia.minam.gob.pe\/portal\/#logo","inLanguage":"es","url":"https:\/\/sinia.minam.gob.pe\/portal\/wp-content\/uploads\/2023\/04\/cropped-cropped-sinia-ch.png","contentUrl":"https:\/\/sinia.minam.gob.pe\/portal\/wp-content\/uploads\/2023\/04\/cropped-cropped-sinia-ch.png","width":188,"height":78,"caption":"Portal SINIA"},"image":{"@id":"https:\/\/sinia.minam.gob.pe\/portal\/#logo"}},{"@type":"WebSite","@id":"https:\/\/sinia.minam.gob.pe\/portal\/#website","url":"https:\/\/sinia.minam.gob.pe\/portal\/","name":"Portal SINIA","description":"Portales SINIA MINAM","publisher":{"@id":"https:\/\/sinia.minam.gob.pe\/portal\/#organization"},"potentialAction":[{"@type":"SearchAction","target":{"@type":"EntryPoint","urlTemplate":"https:\/\/sinia.minam.gob.pe\/portal\/?s={search_term_string}"},"query-input":"required name=search_term_string"}],"inLanguage":"es"},{"@type":"WebPage","@id":"https:\/\/sinia.minam.gob.pe\/portal\/mapas-sinia\/#webpage","url":"https:\/\/sinia.minam.gob.pe\/portal\/mapas-sinia\/","name":"Visor de mapas SINIA | Portal SINIA","isPartOf":{"@id":"https:\/\/sinia.minam.gob.pe\/portal\/#website"},"datePublished":"2024-02-08T21:41:42+00:00","dateModified":"2024-12-02T16:58:20+00:00","description":"Visor de mapas del Sistema Nacional de Informaci\u00f3n Ambiental (SINIA), capas geogr\u00e1ficas sobre principales tem\u00e1ticas ambientales","breadcrumb":{"@id":"https:\/\/sinia.minam.gob.pe\/portal\/mapas-sinia\/#breadcrumb"},"inLanguage":"es","potentialAction":[{"@type":"ReadAction","target":["https:\/\/sinia.minam.gob.pe\/portal\/mapas-sinia\/"]}]},{"@type":"BreadcrumbList","@id":"https:\/\/sinia.minam.gob.pe\/portal\/mapas-sinia\/#breadcrumb","itemListElement":[{"@type":"ListItem","position":1,"name":"Inicio","item":"https:\/\/sinia.minam.gob.pe\/portal\/"},{"@type":"ListItem","position":2,"name":"Visor de mapas SINIA"}]}]}},"_links":{"self":[{"href":"https:\/\/sinia.minam.gob.pe\/portal\/wp-json\/wp\/v2\/pages\/5525"}],"collection":[{"href":"https:\/\/sinia.minam.gob.pe\/portal\/wp-json\/wp\/v2\/pages"}],"about":[{"href":"https:\/\/sinia.minam.gob.pe\/portal\/wp-json\/wp\/v2\/types\/page"}],"author":[{"embeddable":true,"href":"https:\/\/sinia.minam.gob.pe\/portal\/wp-json\/wp\/v2\/users\/1"}],"replies":[{"embeddable":true,"href":"https:\/\/sinia.minam.gob.pe\/portal\/wp-json\/wp\/v2\/comments?post=5525"}],"version-history":[{"count":21,"href":"https:\/\/sinia.minam.gob.pe\/portal\/wp-json\/wp\/v2\/pages\/5525\/revisions"}],"predecessor-version":[{"id":24259,"href":"https:\/\/sinia.minam.gob.pe\/portal\/wp-json\/wp\/v2\/pages\/5525\/revisions\/24259"}],"wp:attachment":[{"href":"https:\/\/sinia.minam.gob.pe\/portal\/wp-json\/wp\/v2\/media?parent=5525"}],"wp:term":[{"taxonomy":"tematicasiniat","embeddable":true,"href":"https:\/\/sinia.minam.gob.pe\/portal\/wp-json\/wp\/v2\/tematicasiniat?post=5525"}],"curies":[{"name":"wp","href":"https:\/\/api.w.org\/{rel}","templated":true}]}}